{"id":62,"date":"2021-06-10T15:47:12","date_gmt":"2021-06-10T15:47:12","guid":{"rendered":"http:\/\/www.lettukeisarinhilloke.fi\/?page_id=62"},"modified":"2024-09-09T07:59:32","modified_gmt":"2024-09-09T07:59:32","slug":"lettukeisarimikkomiina-lettukeisarinmansikkahilloke-kuopijonlettukeisari","status":"publish","type":"page","link":"http:\/\/www.lettukeisarinhilloke.fi\/","title":{"rendered":"#LETTUKEISARIMIKKOMIINA #LETTUKEISARINMANSIKKAHILLOKE #KUOPIJONLETTUKEISARI"},"content":{"rendered":"\n<p><strong>HILLOKE<\/strong> on Marjavalmiste jossa kokonaiset marjat ja l\u00f6ysempi liemi. Sit\u00e4 ei keitet\u00e4 niinkuin <strong>HILLO.<\/strong><\/p>\n\n\n\n<p>Tuote hyytyy hieman viile\u00e4ss\u00e4 ajan kanssa koska tuote sis\u00e4lt\u00e4\u00e4 vain marjojen oman luontaisen pektiinin sek\u00e4 lis\u00e4tyn kotimaisen sokerin luontaisen pektiinin \u2764\ufe0f\u2764\ufe0f<\/p>\n","protected":false},"excerpt":{"rendered":"<p>HILLOKE on Marjavalmiste jossa kokonaiset marjat ja l\u00f6ysempi liemi. Sit\u00e4 ei keitet\u00e4 niinkuin HILLO. Tuote hyytyy hieman viile\u00e4ss\u00e4 ajan kanssa koska tuote sis\u00e4lt\u00e4\u00e4 vain marjojen oman luontaisen pektiinin sek\u00e4 lis\u00e4tyn kotimaisen sokerin luontaisen pektiinin \u2764\ufe0f\u2764\ufe0f<\/p>\n","protected":false},"author":1,"featured_media":77,"parent":0,"menu_order":0,"comment_status":"closed","ping_status":"closed","template":"","meta":[],"_links":{"self":[{"href":"http:\/\/www.lettukeisarinhilloke.fi\/index.php\/wp-json\/wp\/v2\/pages\/62"}],"collection":[{"href":"http:\/\/www.lettukeisarinhilloke.fi\/index.php\/wp-json\/wp\/v2\/pages"}],"about":[{"href":"http:\/\/www.lettukeisarinhilloke.fi\/index.php\/wp-json\/wp\/v2\/types\/page"}],"author":[{"embeddable":true,"href":"http:\/\/www.lettukeisarinhilloke.fi\/index.php\/wp-json\/wp\/v2\/users\/1"}],"replies":[{"embeddable":true,"href":"http:\/\/www.lettukeisarinhilloke.fi\/index.php\/wp-json\/wp\/v2\/comments?post=62"}],"version-history":[{"count":2,"href":"http:\/\/www.lettukeisarinhilloke.fi\/index.php\/wp-json\/wp\/v2\/pages\/62\/revisions"}],"predecessor-version":[{"id":78,"href":"http:\/\/www.lettukeisarinhilloke.fi\/index.php\/wp-json\/wp\/v2\/pages\/62\/revisions\/78"}],"wp:featuredmedia":[{"embeddable":true,"href":"http:\/\/www.lettukeisarinhilloke.fi\/index.php\/wp-json\/wp\/v2\/media\/77"}],"wp:attachment":[{"href":"http:\/\/www.lettukeisarinhilloke.fi\/index.php\/wp-json\/wp\/v2\/media?parent=62"}],"curies":[{"name":"wp","href":"https:\/\/api.w.org\/{rel}","templated":true}]}}